{"id":121,"date":"2019-10-25T22:53:24","date_gmt":"2019-10-25T21:53:24","guid":{"rendered":"http:\/\/kantoreifulda.de\/?page_id=121"},"modified":"2019-10-27T17:04:21","modified_gmt":"2019-10-27T16:04:21","slug":"chorleiter","status":"publish","type":"page","link":"https:\/\/kantoreifulda.de\/?page_id=121","title":{"rendered":"Chorleiter"},"content":{"rendered":"\n<div class=\"wp-block-media-text alignwide is-stacked-on-mobile\"><figure class=\"wp-block-media-text__media\"><img loading=\"lazy\" decoding=\"async\" width=\"1024\" height=\"683\" src=\"https:\/\/kantoreifulda.de\/wp-content\/uploads\/2019\/10\/171107_Portraits_Machmit_info_Andreas_Schneidewind_1-1024x683.jpg\" alt=\"\" class=\"wp-image-125\" srcset=\"https:\/\/kantoreifulda.de\/wp-content\/uploads\/2019\/10\/171107_Portraits_Machmit_info_Andreas_Schneidewind_1-1024x683.jpg 1024w, https:\/\/kantoreifulda.de\/wp-content\/uploads\/2019\/10\/171107_Portraits_Machmit_info_Andreas_Schneidewind_1-300x200.jpg 300w, https:\/\/kantoreifulda.de\/wp-content\/uploads\/2019\/10\/171107_Portraits_Machmit_info_Andreas_Schneidewind_1-768x512.jpg 768w, https:\/\/kantoreifulda.de\/wp-content\/uploads\/2019\/10\/171107_Portraits_Machmit_info_Andreas_Schneidewind_1-1x1.jpg 1w\" sizes=\"auto, (max-width: 1024px) 100vw, 1024px\" \/><\/figure><div class=\"wp-block-media-text__content\">\n<p>Andreas Schneidewind ist seit 2015 Chorleiter der Kantorei Fulda. Au\u00dferdem ist er Leiter der <a href=\"https:\/\/kmf.kirchenmusik-ekkw.de\/start.html\" target=\"_blank\" rel=\"noreferrer noopener\" aria-label=\"Kirchenmusikalischen Fortbildungsst\u00e4tte in Schl\u00fcchtern (\u00f6ffnet in neuem Tab)\">Kirchenmusikalischen Fortbildungsst\u00e4tte in Schl\u00fcchtern<\/a>.<br><br>Von 1993 bis 1999 studierte Schneidewind Kirchenmusik an der  Hochschule   f\u00fcr Kirchenmusik in Heidelberg (B- und A-Examen). Daran  schloss sich   bis 2001 eine K\u00fcnstlerische Ausbildung Chordirigieren bei  Prof.   Wolfgang Sch\u00e4fer an der Musikhochschule Frankfurt an. <\/p>\n<\/div><\/div>\n\n\n\n<p>\nEr leitete unter anderem die Kantorei Walldorf (Baden), mit der er  seit\n  1992 ein breites Spektrum von gottesdienstlicher und konzertanter   \nChorliteratur erarbeitet und aufgef\u00fchrt hat, darunter auch zwei   \nUrauff\u00fchrungen des Leipziger Komponisten Franz Ferdinand   \nKaern-Biederstedt. Mit dem von ihm gegr\u00fcndeten Studentischen Kammerchor \n  Heidelberg konnte er von 1996 bis 2005 zahlreiche anspruchsvolle   \nKonzertprojekte durchf\u00fchren. Daneben ist er als Organist und   \nContinuospieler regelm\u00e4\u00dfig k\u00fcnstlerisch t\u00e4tig.  \n\n<\/p>\n\n\n\n<p>Von 2001 bis 2013 hatte er in Frankfurt einen Lehrauftrag f\u00fcr  Chorleitung, sp\u00e4ter auch f\u00fcr Musiktheorie\/Tonsatz inne, 2002 bis 2009  war er au\u00dferdem Lehrbeauftragter f\u00fcr Musiktheorie und Ensembleleitung an  der Musikhochschule Mannheim. 2006 \u00fcbernahm er eine Lehrt\u00e4tigkeit an  der Hochschule f\u00fcr Kirchenmusik in Heidelberg in den F\u00e4chern Chorleitung  und Partiturspiel.<\/p>\n","protected":false},"excerpt":{"rendered":"<p>Andreas Schneidewind ist seit 2015 Chorleiter der Kantorei Fulda. Au\u00dferdem ist er Leiter der Kirchenmusikalischen Fortbildungsst\u00e4tte in Schl\u00fcchtern. Von 1993 bis 1999 studierte Schneidewind Kirchenmusik an der Hochschule f\u00fcr Kirchenmusik in Heidelberg (B- und A-Examen). Daran schloss sich bis 2001 eine K\u00fcnstlerische Ausbildung Chordirigieren bei Prof. Wolfgang Sch\u00e4fer an der Musikhochschule Frankfurt an. Er leitete [&hellip;]<\/p>\n","protected":false},"author":1,"featured_media":0,"parent":78,"menu_order":5,"comment_status":"closed","ping_status":"closed","template":"","meta":{"footnotes":""},"class_list":["post-121","page","type-page","status-publish","hentry"],"_links":{"self":[{"href":"https:\/\/kantoreifulda.de\/index.php?rest_route=\/wp\/v2\/pages\/121","targetHints":{"allow":["GET"]}}],"collection":[{"href":"https:\/\/kantoreifulda.de\/index.php?rest_route=\/wp\/v2\/pages"}],"about":[{"href":"https:\/\/kantoreifulda.de\/index.php?rest_route=\/wp\/v2\/types\/page"}],"author":[{"embeddable":true,"href":"https:\/\/kantoreifulda.de\/index.php?rest_route=\/wp\/v2\/users\/1"}],"replies":[{"embeddable":true,"href":"https:\/\/kantoreifulda.de\/index.php?rest_route=%2Fwp%2Fv2%2Fcomments&post=121"}],"version-history":[{"count":15,"href":"https:\/\/kantoreifulda.de\/index.php?rest_route=\/wp\/v2\/pages\/121\/revisions"}],"predecessor-version":[{"id":141,"href":"https:\/\/kantoreifulda.de\/index.php?rest_route=\/wp\/v2\/pages\/121\/revisions\/141"}],"up":[{"embeddable":true,"href":"https:\/\/kantoreifulda.de\/index.php?rest_route=\/wp\/v2\/pages\/78"}],"wp:attachment":[{"href":"https:\/\/kantoreifulda.de\/index.php?rest_route=%2Fwp%2Fv2%2Fmedia&parent=121"}],"curies":[{"name":"wp","href":"https:\/\/api.w.org\/{rel}","templated":true}]}}