{"id":4,"date":"2019-10-23T18:07:31","date_gmt":"2019-10-23T18:07:31","guid":{"rendered":"http:\/\/kantoreifulda.de\/?page_id=4"},"modified":"2026-03-18T10:40:50","modified_gmt":"2026-03-18T09:40:50","slug":"herzlich-willkommen","status":"publish","type":"page","link":"https:\/\/kantoreifulda.de\/","title":{"rendered":"Herzlich willkommen!"},"content":{"rendered":"\n<p>Die <strong>Evangelische Kantorei Fulda<\/strong> ist der Chor des Evangelischen Kirchenkreises Fulda. Sie gestaltet die Kirchenmusik in Gottesdiensten der Christuskirche Fulda mit und f\u00fchrt regelm\u00e4\u00dfig Oratorien auf.<\/p>\n\n\n\n\n\n\n\n<p>Die Kantorei ist offen f\u00fcr alle interessierten S\u00e4ngerinnen und S\u00e4nger, unabh\u00e4ngig von der Konfession. Haben Sie Lust, mitzusingen? Seien Sie herzlich eingeladen, bei einer <a href=\"https:\/\/kantoreifulda.de\/?page_id=75\">Chorprobe<\/a> unverbindlich hineinzuschnuppern, oder nehmen Sie <a href=\"https:\/\/kantoreifulda.de\/?page_id=19\">Kontakt<\/a> zu uns auf, falls Sie Fragen haben! <\/p>\n\n\n\n<div class=\"wp-block-cover\"><img loading=\"lazy\" decoding=\"async\" width=\"1024\" height=\"683\" class=\"wp-block-cover__image-background wp-image-11\" alt=\"\" src=\"https:\/\/kantoreifulda.de\/wp-content\/uploads\/2019\/10\/Chor2-1024x683.jpg\" data-object-fit=\"cover\" srcset=\"https:\/\/kantoreifulda.de\/wp-content\/uploads\/2019\/10\/Chor2-1024x683.jpg 1024w, https:\/\/kantoreifulda.de\/wp-content\/uploads\/2019\/10\/Chor2-300x200.jpg 300w, https:\/\/kantoreifulda.de\/wp-content\/uploads\/2019\/10\/Chor2-768x512.jpg 768w, https:\/\/kantoreifulda.de\/wp-content\/uploads\/2019\/10\/Chor2-1x1.jpg 1w\" sizes=\"auto, (max-width: 1024px) 100vw, 1024px\" \/><span aria-hidden=\"true\" class=\"wp-block-cover__background has-background-dim\"><\/span><div class=\"wp-block-cover__inner-container is-layout-flow wp-block-cover-is-layout-flow\">\n<p class=\"has-text-align-center has-large-font-size\"><\/p>\n<\/div><\/div>\n","protected":false},"excerpt":{"rendered":"<p>Die Evangelische Kantorei Fulda ist der Chor des Evangelischen Kirchenkreises Fulda. Sie gestaltet die Kirchenmusik in Gottesdiensten der Christuskirche Fulda mit und f\u00fchrt regelm\u00e4\u00dfig Oratorien auf. Die Kantorei ist offen f\u00fcr alle interessierten S\u00e4ngerinnen und S\u00e4nger, unabh\u00e4ngig von der Konfession. Haben Sie Lust, mitzusingen? Seien Sie herzlich eingeladen, bei einer Chorprobe unverbindlich hineinzuschnuppern, oder nehmen [&hellip;]<\/p>\n","protected":false},"author":1,"featured_media":0,"parent":0,"menu_order":1,"comment_status":"closed","ping_status":"closed","template":"","meta":{"footnotes":""},"class_list":["post-4","page","type-page","status-publish","hentry"],"_links":{"self":[{"href":"https:\/\/kantoreifulda.de\/index.php?rest_route=\/wp\/v2\/pages\/4","targetHints":{"allow":["GET"]}}],"collection":[{"href":"https:\/\/kantoreifulda.de\/index.php?rest_route=\/wp\/v2\/pages"}],"about":[{"href":"https:\/\/kantoreifulda.de\/index.php?rest_route=\/wp\/v2\/types\/page"}],"author":[{"embeddable":true,"href":"https:\/\/kantoreifulda.de\/index.php?rest_route=\/wp\/v2\/users\/1"}],"replies":[{"embeddable":true,"href":"https:\/\/kantoreifulda.de\/index.php?rest_route=%2Fwp%2Fv2%2Fcomments&post=4"}],"version-history":[{"count":11,"href":"https:\/\/kantoreifulda.de\/index.php?rest_route=\/wp\/v2\/pages\/4\/revisions"}],"predecessor-version":[{"id":335,"href":"https:\/\/kantoreifulda.de\/index.php?rest_route=\/wp\/v2\/pages\/4\/revisions\/335"}],"wp:attachment":[{"href":"https:\/\/kantoreifulda.de\/index.php?rest_route=%2Fwp%2Fv2%2Fmedia&parent=4"}],"curies":[{"name":"wp","href":"https:\/\/api.w.org\/{rel}","templated":true}]}}